{"id":626,"date":"2023-09-05T13:56:48","date_gmt":"2023-09-05T11:56:48","guid":{"rendered":"https:\/\/porto.anytime-ontwikkeling.nl\/?page_id=626"},"modified":"2024-02-25T15:42:24","modified_gmt":"2024-02-25T14:42:24","slug":"omgeving","status":"publish","type":"page","link":"https:\/\/villaportovista.com\/en\/omgeving\/","title":{"rendered":"Omgeving"},"content":{"rendered":"<div data-elementor-type=\"wp-page\" data-elementor-id=\"626\" class=\"elementor elementor-626\" data-elementor-post-type=\"page\">\n\t\t\t\t\t\t<section class=\"elementor-section elementor-top-section elementor-element elementor-element-e22de88 elementor-section-full_width elementor-section-height-default elementor-section-height-default\" data-id=\"e22de88\" data-element_type=\"section\" data-e-type=\"section\" data-settings=\"{&quot;background_background&quot;:&quot;classic&quot;}\">\n\t\t\t\t\t\t<div class=\"elementor-container elementor-column-gap-default\">\n\t\t\t\t\t<div class=\"elementor-column elementor-col-100 elementor-top-column elementor-element elementor-element-05c7560\" data-id=\"05c7560\" data-element_type=\"column\" data-e-type=\"column\">\n\t\t\t<div class=\"elementor-widget-wrap elementor-element-populated\">\n\t\t\t\t\t\t<div class=\"elementor-element elementor-element-54e00de elementor-absolute elementor-widget__width-initial elementor-hidden-desktop elementor-widget elementor-widget-image\" data-id=\"54e00de\" data-element_type=\"widget\" data-e-type=\"widget\" data-settings=\"{&quot;_position&quot;:&quot;absolute&quot;}\" data-widget_type=\"image.default\">\n\t\t\t\t<div class=\"elementor-widget-container\">\n\t\t\t\t\t\t\t\t\t\t\t\t\t\t\t<img fetchpriority=\"high\" decoding=\"async\" width=\"620\" height=\"104\" src=\"https:\/\/villaportovista.com\/wp-content\/uploads\/line_decoration6.png\" class=\"attachment-large size-large wp-image-670\" alt=\"\" srcset=\"https:\/\/villaportovista.com\/wp-content\/uploads\/line_decoration6.png 620w, https:\/\/villaportovista.com\/wp-content\/uploads\/line_decoration6-600x101.png 600w, https:\/\/villaportovista.com\/wp-content\/uploads\/line_decoration6-300x50.png 300w\" sizes=\"(max-width: 620px) 100vw, 620px\" \/>\t\t\t\t\t\t\t\t\t\t\t\t\t\t\t<\/div>\n\t\t\t\t<\/div>\n\t\t\t\t\t<\/div>\n\t\t<\/div>\n\t\t\t\t\t<\/div>\n\t\t<\/section>\n\t\t\t\t<section class=\"elementor-section elementor-top-section elementor-element elementor-element-b3aa596 elementor-section-full_width elementor-section-height-default elementor-section-height-default\" data-id=\"b3aa596\" data-element_type=\"section\" data-e-type=\"section\">\n\t\t\t\t\t\t<div class=\"elementor-container elementor-column-gap-default\">\n\t\t\t\t\t<div class=\"elementor-column elementor-col-50 elementor-top-column elementor-element elementor-element-a7fdd05\" data-id=\"a7fdd05\" data-element_type=\"column\" data-e-type=\"column\">\n\t\t\t<div class=\"elementor-widget-wrap elementor-element-populated\">\n\t\t\t\t\t\t<div class=\"elementor-element elementor-element-2060266 elementor-absolute elementor-widget elementor-widget-heading\" data-id=\"2060266\" data-element_type=\"widget\" data-e-type=\"widget\" data-settings=\"{&quot;_position&quot;:&quot;absolute&quot;}\" data-widget_type=\"heading.default\">\n\t\t\t\t<div class=\"elementor-widget-container\">\n\t\t\t\t\t<h2 class=\"elementor-heading-title elementor-size-default\">Omgeving<\/h2>\t\t\t\t<\/div>\n\t\t\t\t<\/div>\n\t\t\t\t<div class=\"elementor-element elementor-element-706d4fe elementor-widget elementor-widget-heading\" data-id=\"706d4fe\" data-element_type=\"widget\" data-e-type=\"widget\" data-widget_type=\"heading.default\">\n\t\t\t\t<div class=\"elementor-widget-container\">\n\t\t\t\t\t<h2 class=\"elementor-heading-title elementor-size-default\">Cura\u00e7ao<\/h2>\t\t\t\t<\/div>\n\t\t\t\t<\/div>\n\t\t\t\t<div class=\"elementor-element elementor-element-619cd06 elementor-widget elementor-widget-text-editor\" data-id=\"619cd06\" data-element_type=\"widget\" data-e-type=\"widget\" data-widget_type=\"text-editor.default\">\n\t\t\t\t<div class=\"elementor-widget-container\">\n\t\t\t\t\t\t\t\t\t<p>Cura\u00e7ao ligt in het zuidelijke deel van de Caribische zee en maakt deel uit van het Koninkrijk der Nederlanden. Cura\u00e7ao heeft een diverse cultuur die zijn wortels heeft in Nederland, Afrika en de inheemse bevolking. Deze smeltkroes van invloeden komt tot leven in de lokale keuken, kunst en muziek. Het hele jaar door is het zonnig en warm weer met een gemiddelde temperatuur van ongeveer 30 graden.<\/p>\t\t\t\t\t\t\t\t<\/div>\n\t\t\t\t<\/div>\n\t\t\t\t\t<\/div>\n\t\t<\/div>\n\t\t\t\t<div class=\"elementor-column elementor-col-50 elementor-top-column elementor-element elementor-element-6bc3f3a\" data-id=\"6bc3f3a\" data-element_type=\"column\" data-e-type=\"column\">\n\t\t\t<div class=\"elementor-widget-wrap elementor-element-populated\">\n\t\t\t\t\t\t<div class=\"elementor-element elementor-element-815c891 elementor-absolute elementor-widget__width-initial elementor-hidden-tablet elementor-hidden-mobile elementor-widget elementor-widget-image\" data-id=\"815c891\" data-element_type=\"widget\" data-e-type=\"widget\" data-settings=\"{&quot;_position&quot;:&quot;absolute&quot;}\" data-widget_type=\"image.default\">\n\t\t\t\t<div class=\"elementor-widget-container\">\n\t\t\t\t\t\t\t\t\t\t\t\t\t\t\t<img fetchpriority=\"high\" decoding=\"async\" width=\"620\" height=\"104\" src=\"https:\/\/villaportovista.com\/wp-content\/uploads\/line_decoration6.png\" class=\"attachment-large size-large wp-image-670\" alt=\"\" srcset=\"https:\/\/villaportovista.com\/wp-content\/uploads\/line_decoration6.png 620w, https:\/\/villaportovista.com\/wp-content\/uploads\/line_decoration6-600x101.png 600w, https:\/\/villaportovista.com\/wp-content\/uploads\/line_decoration6-300x50.png 300w\" sizes=\"(max-width: 620px) 100vw, 620px\" \/>\t\t\t\t\t\t\t\t\t\t\t\t\t\t\t<\/div>\n\t\t\t\t<\/div>\n\t\t\t\t<div class=\"elementor-element elementor-element-caa88ef elementor-widget-mobile__width-initial elementor-widget elementor-widget-image\" data-id=\"caa88ef\" data-element_type=\"widget\" data-e-type=\"widget\" data-widget_type=\"image.default\">\n\t\t\t\t<div class=\"elementor-widget-container\">\n\t\t\t\t\t\t\t\t\t\t\t\t\t\t\t<img decoding=\"async\" width=\"800\" height=\"450\" src=\"https:\/\/villaportovista.com\/wp-content\/uploads\/Curacao_panorama-1024x576.jpg\" class=\"attachment-large size-large wp-image-4281\" alt=\"\" srcset=\"https:\/\/villaportovista.com\/wp-content\/uploads\/Curacao_panorama-1024x576.jpg 1024w, https:\/\/villaportovista.com\/wp-content\/uploads\/Curacao_panorama-300x169.jpg 300w, https:\/\/villaportovista.com\/wp-content\/uploads\/Curacao_panorama-768x432.jpg 768w, https:\/\/villaportovista.com\/wp-content\/uploads\/Curacao_panorama-1536x864.jpg 1536w, https:\/\/villaportovista.com\/wp-content\/uploads\/Curacao_panorama-18x10.jpg 18w, https:\/\/villaportovista.com\/wp-content\/uploads\/Curacao_panorama-600x338.jpg 600w, https:\/\/villaportovista.com\/wp-content\/uploads\/Curacao_panorama.jpg 1920w\" sizes=\"(max-width: 800px) 100vw, 800px\" \/>\t\t\t\t\t\t\t\t\t\t\t\t\t\t\t<\/div>\n\t\t\t\t<\/div>\n\t\t\t\t\t<\/div>\n\t\t<\/div>\n\t\t\t\t\t<\/div>\n\t\t<\/section>\n\t\t\t\t<section class=\"elementor-section elementor-top-section elementor-element elementor-element-cbd2d54 elementor-section-boxed elementor-section-height-default elementor-section-height-default\" data-id=\"cbd2d54\" data-element_type=\"section\" data-e-type=\"section\">\n\t\t\t\t\t\t<div class=\"elementor-container elementor-column-gap-default\">\n\t\t\t\t\t<div class=\"elementor-column elementor-col-100 elementor-top-column elementor-element elementor-element-5ff3925\" data-id=\"5ff3925\" data-element_type=\"column\" data-e-type=\"column\">\n\t\t\t<div class=\"elementor-widget-wrap elementor-element-populated\">\n\t\t\t\t\t\t<div class=\"elementor-element elementor-element-46c893c elementor-widget__width-initial elementor-widget elementor-widget-image\" data-id=\"46c893c\" data-element_type=\"widget\" data-e-type=\"widget\" data-widget_type=\"image.default\">\n\t\t\t\t<div class=\"elementor-widget-container\">\n\t\t\t\t\t\t\t\t\t\t\t\t\t\t\t<img decoding=\"async\" width=\"800\" height=\"450\" src=\"https:\/\/villaportovista.com\/wp-content\/uploads\/Willemstad-1024x576.jpg\" class=\"attachment-large size-large wp-image-4317\" alt=\"\" srcset=\"https:\/\/villaportovista.com\/wp-content\/uploads\/Willemstad-1024x576.jpg 1024w, https:\/\/villaportovista.com\/wp-content\/uploads\/Willemstad-300x169.jpg 300w, https:\/\/villaportovista.com\/wp-content\/uploads\/Willemstad-768x432.jpg 768w, https:\/\/villaportovista.com\/wp-content\/uploads\/Willemstad-1536x864.jpg 1536w, https:\/\/villaportovista.com\/wp-content\/uploads\/Willemstad-18x10.jpg 18w, https:\/\/villaportovista.com\/wp-content\/uploads\/Willemstad-600x338.jpg 600w, https:\/\/villaportovista.com\/wp-content\/uploads\/Willemstad.jpg 1920w\" sizes=\"(max-width: 800px) 100vw, 800px\" \/>\t\t\t\t\t\t\t\t\t\t\t\t\t\t\t<\/div>\n\t\t\t\t<\/div>\n\t\t\t\t<div class=\"elementor-element elementor-element-94d6715 elementor-widget elementor-widget-heading\" data-id=\"94d6715\" data-element_type=\"widget\" data-e-type=\"widget\" data-widget_type=\"heading.default\">\n\t\t\t\t<div class=\"elementor-widget-container\">\n\t\t\t\t\t<h2 class=\"elementor-heading-title elementor-size-default\">Willemstad<\/h2>\t\t\t\t<\/div>\n\t\t\t\t<\/div>\n\t\t\t\t<div class=\"elementor-element elementor-element-e672674 elementor-widget elementor-widget-text-editor\" data-id=\"e672674\" data-element_type=\"widget\" data-e-type=\"widget\" data-widget_type=\"text-editor.default\">\n\t\t\t\t<div class=\"elementor-widget-container\">\n\t\t\t\t\t\t\t\t\t<p>Cura\u00e7ao ligt in het zuidelijke deel van de Caribische zee en maakt deel uit van het Koninkrijk der Nederlanden. Cura\u00e7ao heeft een diverse cultuur die zijn wortels heeft in Nederland, Afrika en de inheemse bevolking. Deze smeltkroes van invloeden komt tot leven in de lokale keuken, kunst en muziek. Het hele jaar door is het zonnig en warm weer met een gemiddelde temperatuur van ongeveer 30 graden.<\/p>\t\t\t\t\t\t\t\t<\/div>\n\t\t\t\t<\/div>\n\t\t\t\t<div class=\"elementor-element elementor-element-2f1e694 elementor-widget-mobile__width-initial elementor-widget__width-initial elementor-widget elementor-widget-image\" data-id=\"2f1e694\" data-element_type=\"widget\" data-e-type=\"widget\" data-widget_type=\"image.default\">\n\t\t\t\t<div class=\"elementor-widget-container\">\n\t\t\t\t\t\t\t\t\t\t\t\t\t\t\t<img loading=\"lazy\" decoding=\"async\" width=\"408\" height=\"69\" src=\"https:\/\/villaportovista.com\/wp-content\/uploads\/line_decoration7.png\" class=\"attachment-large size-large wp-image-692\" alt=\"\" srcset=\"https:\/\/villaportovista.com\/wp-content\/uploads\/line_decoration7.png 408w, https:\/\/villaportovista.com\/wp-content\/uploads\/line_decoration7-300x51.png 300w\" sizes=\"(max-width: 408px) 100vw, 408px\" \/>\t\t\t\t\t\t\t\t\t\t\t\t\t\t\t<\/div>\n\t\t\t\t<\/div>\n\t\t\t\t\t<\/div>\n\t\t<\/div>\n\t\t\t\t\t<\/div>\n\t\t<\/section>\n\t\t\t\t<section class=\"elementor-section elementor-top-section elementor-element elementor-element-b4f1794 elementor-section-full_width elementor-section-height-default elementor-section-height-default\" data-id=\"b4f1794\" data-element_type=\"section\" data-e-type=\"section\">\n\t\t\t\t\t\t<div class=\"elementor-container elementor-column-gap-default\">\n\t\t\t\t\t<div class=\"elementor-column elementor-col-100 elementor-top-column elementor-element elementor-element-af65a81\" data-id=\"af65a81\" data-element_type=\"column\" data-e-type=\"column\">\n\t\t\t<div class=\"elementor-widget-wrap elementor-element-populated\">\n\t\t\t\t\t\t<section class=\"elementor-section elementor-inner-section elementor-element elementor-element-2ec430c elementor-section-boxed elementor-section-height-default elementor-section-height-default\" data-id=\"2ec430c\" data-element_type=\"section\" data-e-type=\"section\">\n\t\t\t\t\t\t<div class=\"elementor-container elementor-column-gap-default\">\n\t\t\t\t\t<div class=\"elementor-column elementor-col-100 elementor-inner-column elementor-element elementor-element-28320fc\" data-id=\"28320fc\" data-element_type=\"column\" data-e-type=\"column\">\n\t\t\t<div class=\"elementor-widget-wrap\">\n\t\t\t\t\t\t\t<\/div>\n\t\t<\/div>\n\t\t\t\t\t<\/div>\n\t\t<\/section>\n\t\t\t\t<section class=\"elementor-section elementor-inner-section elementor-element elementor-element-c1f1b85 elementor-section-boxed elementor-section-height-default elementor-section-height-default\" data-id=\"c1f1b85\" data-element_type=\"section\" data-e-type=\"section\">\n\t\t\t\t\t\t<div class=\"elementor-container elementor-column-gap-default\">\n\t\t\t\t\t<div class=\"elementor-column elementor-col-50 elementor-inner-column elementor-element elementor-element-d652b0e\" data-id=\"d652b0e\" data-element_type=\"column\" data-e-type=\"column\">\n\t\t\t<div class=\"elementor-widget-wrap elementor-element-populated\">\n\t\t\t\t\t\t<div class=\"elementor-element elementor-element-b0973f5 elementor-widget-mobile__width-initial elementor-widget elementor-widget-image\" data-id=\"b0973f5\" data-element_type=\"widget\" data-e-type=\"widget\" data-widget_type=\"image.default\">\n\t\t\t\t<div class=\"elementor-widget-container\">\n\t\t\t\t\t\t\t\t\t\t\t\t\t\t\t<img decoding=\"async\" src=\"https:\/\/villaportovista.com\/wp-content\/uploads\/zeilen2.png\" title=\"\" alt=\"\" loading=\"lazy\" \/>\t\t\t\t\t\t\t\t\t\t\t\t\t\t\t<\/div>\n\t\t\t\t<\/div>\n\t\t\t\t<div class=\"elementor-element elementor-element-02c99b5 elementor-widget-mobile__width-initial elementor-widget elementor-widget-image\" data-id=\"02c99b5\" data-element_type=\"widget\" data-e-type=\"widget\" data-widget_type=\"image.default\">\n\t\t\t\t<div class=\"elementor-widget-container\">\n\t\t\t\t\t\t\t\t\t\t\t\t\t\t\t<img loading=\"lazy\" decoding=\"async\" width=\"800\" height=\"450\" src=\"https:\/\/villaportovista.com\/wp-content\/uploads\/Klein-Curacao-1024x576.jpg\" class=\"attachment-large size-large wp-image-4295\" alt=\"\" srcset=\"https:\/\/villaportovista.com\/wp-content\/uploads\/Klein-Curacao-1024x576.jpg 1024w, https:\/\/villaportovista.com\/wp-content\/uploads\/Klein-Curacao-300x169.jpg 300w, https:\/\/villaportovista.com\/wp-content\/uploads\/Klein-Curacao-768x432.jpg 768w, https:\/\/villaportovista.com\/wp-content\/uploads\/Klein-Curacao-1536x864.jpg 1536w, https:\/\/villaportovista.com\/wp-content\/uploads\/Klein-Curacao-18x10.jpg 18w, https:\/\/villaportovista.com\/wp-content\/uploads\/Klein-Curacao-600x338.jpg 600w, https:\/\/villaportovista.com\/wp-content\/uploads\/Klein-Curacao.jpg 1920w\" sizes=\"(max-width: 800px) 100vw, 800px\" \/>\t\t\t\t\t\t\t\t\t\t\t\t\t\t\t<\/div>\n\t\t\t\t<\/div>\n\t\t\t\t\t<\/div>\n\t\t<\/div>\n\t\t\t\t<div class=\"elementor-column elementor-col-50 elementor-inner-column elementor-element elementor-element-1dc7a2d\" data-id=\"1dc7a2d\" data-element_type=\"column\" data-e-type=\"column\">\n\t\t\t<div class=\"elementor-widget-wrap elementor-element-populated\">\n\t\t\t\t\t\t<div class=\"elementor-element elementor-element-8f5682a elementor-widget elementor-widget-heading\" data-id=\"8f5682a\" data-element_type=\"widget\" data-e-type=\"widget\" data-widget_type=\"heading.default\">\n\t\t\t\t<div class=\"elementor-widget-container\">\n\t\t\t\t\t<h2 class=\"elementor-heading-title elementor-size-default\">Activiteiten\n<\/h2>\t\t\t\t<\/div>\n\t\t\t\t<\/div>\n\t\t\t\t<div class=\"elementor-element elementor-element-1856571 elementor-widget elementor-widget-text-editor\" data-id=\"1856571\" data-element_type=\"widget\" data-e-type=\"widget\" data-widget_type=\"text-editor.default\">\n\t\t\t\t<div class=\"elementor-widget-container\">\n\t\t\t\t\t\t\t\t\t<p>Een bezoek aan Klein Cura\u00e7ao is zeker de moeite waard, er zijn verschillende aanbieders die een dagtocht aanbieden. E\u00e9n daarvan is Irie Tours, die je iedere dag rond 17:00 uur de haven hoort binnenvaren met vrolijke geluiden. Maar ook een bezoek aan de Alo\u00eb Vera Farm of het Kura Hulanda Museum zijn interessant.<\/p>\t\t\t\t\t\t\t\t<\/div>\n\t\t\t\t<\/div>\n\t\t\t\t\t<\/div>\n\t\t<\/div>\n\t\t\t\t\t<\/div>\n\t\t<\/section>\n\t\t\t\t\t<\/div>\n\t\t<\/div>\n\t\t\t\t\t<\/div>\n\t\t<\/section>\n\t\t\t\t<section class=\"elementor-section elementor-top-section elementor-element elementor-element-2c20abd elementor-reverse-mobile elementor-section-boxed elementor-section-height-default elementor-section-height-default\" data-id=\"2c20abd\" data-element_type=\"section\" data-e-type=\"section\">\n\t\t\t\t\t\t<div class=\"elementor-container elementor-column-gap-default\">\n\t\t\t\t\t<div class=\"elementor-column elementor-col-50 elementor-top-column elementor-element elementor-element-f5f911f\" data-id=\"f5f911f\" data-element_type=\"column\" data-e-type=\"column\">\n\t\t\t<div class=\"elementor-widget-wrap elementor-element-populated\">\n\t\t\t\t\t\t<div class=\"elementor-element elementor-element-7909706 elementor-widget__width-initial elementor-widget elementor-widget-heading\" data-id=\"7909706\" data-element_type=\"widget\" data-e-type=\"widget\" data-widget_type=\"heading.default\">\n\t\t\t\t<div class=\"elementor-widget-container\">\n\t\t\t\t\t<h2 class=\"elementor-heading-title elementor-size-default\">De natuur<\/h2>\t\t\t\t<\/div>\n\t\t\t\t<\/div>\n\t\t\t\t<div class=\"elementor-element elementor-element-4f1afd5 elementor-widget__width-initial elementor-widget elementor-widget-text-editor\" data-id=\"4f1afd5\" data-element_type=\"widget\" data-e-type=\"widget\" data-widget_type=\"text-editor.default\">\n\t\t\t\t<div class=\"elementor-widget-container\">\n\t\t\t\t\t\t\t\t\t<p>Tijdens het verkennen van het eiland kom je verschillende tropische bomen, planten en bloemen tegen. Flamingo\u2019s zijn te vinden in de lagunes langs de kust en onder water wemelt het van het zeeleven. Een bezoek aan het Christoffelpark is een aanrader!<\/p>\t\t\t\t\t\t\t\t<\/div>\n\t\t\t\t<\/div>\n\t\t\t\t\t<\/div>\n\t\t<\/div>\n\t\t\t\t<div class=\"elementor-column elementor-col-50 elementor-top-column elementor-element elementor-element-e3f36a5\" data-id=\"e3f36a5\" data-element_type=\"column\" data-e-type=\"column\">\n\t\t\t<div class=\"elementor-widget-wrap elementor-element-populated\">\n\t\t\t\t\t\t<div class=\"elementor-element elementor-element-05dbf52 elementor-widget-mobile__width-initial elementor-widget elementor-widget-image\" data-id=\"05dbf52\" data-element_type=\"widget\" data-e-type=\"widget\" data-widget_type=\"image.default\">\n\t\t\t\t<div class=\"elementor-widget-container\">\n\t\t\t\t\t\t\t\t\t\t\t\t\t\t\t<img loading=\"lazy\" decoding=\"async\" width=\"408\" height=\"69\" src=\"https:\/\/villaportovista.com\/wp-content\/uploads\/line_decoration7.png\" class=\"attachment-large size-large wp-image-692\" alt=\"\" srcset=\"https:\/\/villaportovista.com\/wp-content\/uploads\/line_decoration7.png 408w, https:\/\/villaportovista.com\/wp-content\/uploads\/line_decoration7-300x51.png 300w\" sizes=\"(max-width: 408px) 100vw, 408px\" \/>\t\t\t\t\t\t\t\t\t\t\t\t\t\t\t<\/div>\n\t\t\t\t<\/div>\n\t\t\t\t<div class=\"elementor-element elementor-element-8ae4247 elementor-widget-mobile__width-initial elementor-widget elementor-widget-image\" data-id=\"8ae4247\" data-element_type=\"widget\" data-e-type=\"widget\" data-widget_type=\"image.default\">\n\t\t\t\t<div class=\"elementor-widget-container\">\n\t\t\t\t\t\t\t\t\t\t\t\t\t\t\t<img decoding=\"async\" src=\"https:\/\/villaportovista.com\/wp-content\/uploads\/duiken.png\" title=\"\" alt=\"\" loading=\"lazy\" \/>\t\t\t\t\t\t\t\t\t\t\t\t\t\t\t<\/div>\n\t\t\t\t<\/div>\n\t\t\t\t\t<\/div>\n\t\t<\/div>\n\t\t\t\t\t<\/div>\n\t\t<\/section>\n\t\t\t\t<section class=\"elementor-section elementor-top-section elementor-element elementor-element-96067c9 elementor-section-boxed elementor-section-height-default elementor-section-height-default\" data-id=\"96067c9\" data-element_type=\"section\" data-e-type=\"section\">\n\t\t\t\t\t\t<div class=\"elementor-container elementor-column-gap-default\">\n\t\t\t\t\t<div class=\"elementor-column elementor-col-50 elementor-top-column elementor-element elementor-element-19231ee\" data-id=\"19231ee\" data-element_type=\"column\" data-e-type=\"column\">\n\t\t\t<div class=\"elementor-widget-wrap elementor-element-populated\">\n\t\t\t\t\t\t<div class=\"elementor-element elementor-element-2262b1b elementor-widget elementor-widget-image\" data-id=\"2262b1b\" data-element_type=\"widget\" data-e-type=\"widget\" data-widget_type=\"image.default\">\n\t\t\t\t<div class=\"elementor-widget-container\">\n\t\t\t\t\t\t\t\t\t\t\t\t\t\t\t<img loading=\"lazy\" decoding=\"async\" width=\"800\" height=\"458\" src=\"https:\/\/villaportovista.com\/wp-content\/uploads\/schildpadden.png\" class=\"attachment-large size-large wp-image-788\" alt=\"\" srcset=\"https:\/\/villaportovista.com\/wp-content\/uploads\/schildpadden.png 866w, https:\/\/villaportovista.com\/wp-content\/uploads\/schildpadden-600x344.png 600w, https:\/\/villaportovista.com\/wp-content\/uploads\/schildpadden-300x172.png 300w, https:\/\/villaportovista.com\/wp-content\/uploads\/schildpadden-768x440.png 768w\" sizes=\"(max-width: 800px) 100vw, 800px\" \/>\t\t\t\t\t\t\t\t\t\t\t\t\t\t\t<\/div>\n\t\t\t\t<\/div>\n\t\t\t\t\t<\/div>\n\t\t<\/div>\n\t\t\t\t<div class=\"elementor-column elementor-col-50 elementor-top-column elementor-element elementor-element-455df0e\" data-id=\"455df0e\" data-element_type=\"column\" data-e-type=\"column\">\n\t\t\t<div class=\"elementor-widget-wrap elementor-element-populated\">\n\t\t\t\t\t\t<div class=\"elementor-element elementor-element-8067cc1 elementor-widget elementor-widget-heading\" data-id=\"8067cc1\" data-element_type=\"widget\" data-e-type=\"widget\" data-widget_type=\"heading.default\">\n\t\t\t\t<div class=\"elementor-widget-container\">\n\t\t\t\t\t<h2 class=\"elementor-heading-title elementor-size-default\">Chillen<\/h2>\t\t\t\t<\/div>\n\t\t\t\t<\/div>\n\t\t\t\t<div class=\"elementor-element elementor-element-1eaa215 elementor-widget__width-initial elementor-widget elementor-widget-text-editor\" data-id=\"1eaa215\" data-element_type=\"widget\" data-e-type=\"widget\" data-widget_type=\"text-editor.default\">\n\t\t\t\t<div class=\"elementor-widget-container\">\n\t\t\t\t\t\t\t\t\t<p>Voel de warmte van de zonnestralen op je huid en voel de verkoelende bries van de wind door je haren. Beweeg op het ritme van de reggaemuziek, dans op het strand onder de sterrenhemel en maak kennis met de gastvrije bevolking. Laat jezelf betoveren door de tropische sfeer en leer de kunst van het chillen. Kortom: \u201crelax the Caribbean way\u201d!<\/p>\t\t\t\t\t\t\t\t<\/div>\n\t\t\t\t<\/div>\n\t\t\t\t\t<\/div>\n\t\t<\/div>\n\t\t\t\t\t<\/div>\n\t\t<\/section>\n\t\t\t\t<\/div>","protected":false},"excerpt":{"rendered":"<p>Omgeving Cura\u00e7ao Cura\u00e7ao ligt in het zuidelijke deel van de Caribische zee en maakt deel uit van het Koninkrijk der Nederlanden. Cura\u00e7ao heeft een diverse cultuur die zijn wortels heeft in Nederland, Afrika en de inheemse bevolking. Deze smeltkroes van invloeden komt tot leven in de lokale keuken, kunst en muziek. Het hele jaar door [&hellip;]<\/p>\n","protected":false},"author":1,"featured_media":0,"parent":0,"menu_order":0,"comment_status":"closed","ping_status":"closed","template":"","meta":{"footnotes":""},"class_list":["post-626","page","type-page","status-publish","hentry"],"_links":{"self":[{"href":"https:\/\/villaportovista.com\/en\/wp-json\/wp\/v2\/pages\/626","targetHints":{"allow":["GET"]}}],"collection":[{"href":"https:\/\/villaportovista.com\/en\/wp-json\/wp\/v2\/pages"}],"about":[{"href":"https:\/\/villaportovista.com\/en\/wp-json\/wp\/v2\/types\/page"}],"author":[{"embeddable":true,"href":"https:\/\/villaportovista.com\/en\/wp-json\/wp\/v2\/users\/1"}],"replies":[{"embeddable":true,"href":"https:\/\/villaportovista.com\/en\/wp-json\/wp\/v2\/comments?post=626"}],"version-history":[{"count":721,"href":"https:\/\/villaportovista.com\/en\/wp-json\/wp\/v2\/pages\/626\/revisions"}],"predecessor-version":[{"id":4384,"href":"https:\/\/villaportovista.com\/en\/wp-json\/wp\/v2\/pages\/626\/revisions\/4384"}],"wp:attachment":[{"href":"https:\/\/villaportovista.com\/en\/wp-json\/wp\/v2\/media?parent=626"}],"curies":[{"name":"wp","href":"https:\/\/api.w.org\/{rel}","templated":true}]}}